{"id":3915,"date":"2023-01-02T12:56:22","date_gmt":"2023-01-02T11:56:22","guid":{"rendered":"https:\/\/bellostudio.pl\/?page_id=3915"},"modified":"2023-02-06T16:31:05","modified_gmt":"2023-02-06T15:31:05","slug":"niebieski-pokoj-chlopca","status":"publish","type":"page","link":"https:\/\/bellostudio.pl\/pl\/projekty\/niebieski-pokoj-chlopca\/","title":{"rendered":"niebieski pok\u00f3j ch\u0142opca"},"content":{"rendered":"\t\t<div data-elementor-type=\"wp-page\" data-elementor-id=\"3915\" class=\"elementor elementor-3915\" data-elementor-settings=\"{&quot;ha_cmc_init_switcher&quot;:&quot;no&quot;}\" data-elementor-post-type=\"page\">\n\t\t\t\t<div class=\"elementor-element elementor-element-e362f88 e-con-full u-px--page  u-pt-3-7 u-pb-2-3 e-flex e-con e-parent\" data-id=\"e362f88\" data-element_type=\"container\" data-e-type=\"container\" data-settings=\"{&quot;_ha_eqh_enable&quot;:false}\">\n\t\t<div class=\"elementor-element elementor-element-ec9cc98 e-con-full e-flex e-con e-child\" data-id=\"ec9cc98\" data-element_type=\"container\" data-e-type=\"container\" data-settings=\"{&quot;_ha_eqh_enable&quot;:false}\">\n\t\t\t\t<div class=\"elementor-element elementor-element-70336ef t-page-title   u-mt-5-5  u-pb-4-2 elementor-widget elementor-widget-heading\" data-id=\"70336ef\" data-element_type=\"widget\" data-e-type=\"widget\" data-widget_type=\"heading.default\">\n\t\t\t\t<div class=\"elementor-widget-container\">\n\t\t\t\t\t<h1 class=\"elementor-heading-title elementor-size-default\">2022<\/h1>\t\t\t\t<\/div>\n\t\t\t\t<\/div>\n\t\t\t\t<div class=\"elementor-element elementor-element-16ed551 t-kicker u-pb-5-0  fx-split-text-on-scroll elementor-widget elementor-widget-heading\" data-id=\"16ed551\" data-element_type=\"widget\" data-e-type=\"widget\" data-widget_type=\"heading.default\">\n\t\t\t\t<div class=\"elementor-widget-container\">\n\t\t\t\t\t<h2 class=\"elementor-heading-title elementor-size-default\">niebieski pok\u00f3j ch\u0142opca<\/h2>\t\t\t\t<\/div>\n\t\t\t\t<\/div>\n\t\t\t\t<\/div>\n\t\t<div class=\"elementor-element elementor-element-4b00265 e-con-full e-flex e-con e-child\" data-id=\"4b00265\" data-element_type=\"container\" data-e-type=\"container\" data-settings=\"{&quot;_ha_eqh_enable&quot;:false}\">\n\t\t<div class=\"elementor-element elementor-element-f940614 e-con-full c-project-details t-page-title  u-mt-5-5  e-flex e-con e-child\" data-id=\"f940614\" data-element_type=\"container\" data-e-type=\"container\" data-settings=\"{&quot;_ha_eqh_enable&quot;:false}\">\n\t\t\t\t<div class=\"elementor-element elementor-element-2ba6c33 elementor-widget__width-inherit t-small-black t-small-black  elementor-widget elementor-widget-heading\" data-id=\"2ba6c33\" data-element_type=\"widget\" data-e-type=\"widget\" data-widget_type=\"heading.default\">\n\t\t\t\t<div class=\"elementor-widget-container\">\n\t\t\t\t\t<h2 class=\"elementor-heading-title elementor-size-default\">projekt<\/h2>\t\t\t\t<\/div>\n\t\t\t\t<\/div>\n\t\t\t\t<div class=\"elementor-element elementor-element-ed95327 elementor-widget__width-inherit t-small-grey t-small-black u-pb-2-2 elementor-widget elementor-widget-heading\" data-id=\"ed95327\" data-element_type=\"widget\" data-e-type=\"widget\" data-widget_type=\"heading.default\">\n\t\t\t\t<div class=\"elementor-widget-container\">\n\t\t\t\t\t<h2 class=\"elementor-heading-title elementor-size-default\">wn\u0119trze pokoju dzieci\u0119cego\u200b<\/h2>\t\t\t\t<\/div>\n\t\t\t\t<\/div>\n\t\t\t\t<\/div>\n\t\t<div class=\"elementor-element elementor-element-079ccb8 e-con-full c-project-details e-flex e-con e-child\" data-id=\"079ccb8\" data-element_type=\"container\" data-e-type=\"container\" data-settings=\"{&quot;_ha_eqh_enable&quot;:false}\">\n\t\t\t\t<div class=\"elementor-element elementor-element-75e3cb3 elementor-widget__width-inherit t-small-black t-small-black elementor-widget elementor-widget-heading\" data-id=\"75e3cb3\" data-element_type=\"widget\" data-e-type=\"widget\" data-widget_type=\"heading.default\">\n\t\t\t\t<div class=\"elementor-widget-container\">\n\t\t\t\t\t<h2 class=\"elementor-heading-title elementor-size-default\">lokalizacja<\/h2>\t\t\t\t<\/div>\n\t\t\t\t<\/div>\n\t\t\t\t<div class=\"elementor-element elementor-element-d6bf794 elementor-widget__width-inherit t-small-grey t-small-black u-pb-2-2 elementor-widget elementor-widget-heading\" data-id=\"d6bf794\" data-element_type=\"widget\" data-e-type=\"widget\" data-widget_type=\"heading.default\">\n\t\t\t\t<div class=\"elementor-widget-container\">\n\t\t\t\t\t<h2 class=\"elementor-heading-title elementor-size-default\">rzesz\u00f3w<\/h2>\t\t\t\t<\/div>\n\t\t\t\t<\/div>\n\t\t\t\t<\/div>\n\t\t<div class=\"elementor-element elementor-element-f81430b e-con-full c-project-details e-flex e-con e-child\" data-id=\"f81430b\" data-element_type=\"container\" data-e-type=\"container\" data-settings=\"{&quot;_ha_eqh_enable&quot;:false}\">\n\t\t\t\t<div class=\"elementor-element elementor-element-3e896e2 elementor-widget__width-inherit t-small-black t-small-black  elementor-widget elementor-widget-heading\" data-id=\"3e896e2\" data-element_type=\"widget\" data-e-type=\"widget\" data-widget_type=\"heading.default\">\n\t\t\t\t<div class=\"elementor-widget-container\">\n\t\t\t\t\t<h2 class=\"elementor-heading-title elementor-size-default\">powierzchnia<\/h2>\t\t\t\t<\/div>\n\t\t\t\t<\/div>\n\t\t\t\t<div class=\"elementor-element elementor-element-c5b1460 elementor-widget__width-inherit t-small-grey u-pb-2-2 elementor-widget elementor-widget-heading\" data-id=\"c5b1460\" data-element_type=\"widget\" data-e-type=\"widget\" data-widget_type=\"heading.default\">\n\t\t\t\t<div class=\"elementor-widget-container\">\n\t\t\t\t\t<h2 class=\"elementor-heading-title elementor-size-default\">26 m2<\/h2>\t\t\t\t<\/div>\n\t\t\t\t<\/div>\n\t\t\t\t<\/div>\n\t\t\t\t<\/div>\n\t\t\t\t<\/div>\n\t\t<div class=\"elementor-element elementor-element-1ff131a e-con-full u-px--page e-flex e-con e-parent\" data-id=\"1ff131a\" data-element_type=\"container\" data-e-type=\"container\" data-settings=\"{&quot;_ha_eqh_enable&quot;:false}\">\n\t\t<div class=\"elementor-element elementor-element-4d57926 e-con-full c-masonry e-flex e-con e-child\" data-id=\"4d57926\" data-element_type=\"container\" data-e-type=\"container\" data-settings=\"{&quot;_ha_eqh_enable&quot;:false}\">\n\t\t<div class=\"elementor-element elementor-element-ac665ae e-con-full e-flex e-con e-child\" data-id=\"ac665ae\" data-element_type=\"container\" data-e-type=\"container\" data-settings=\"{&quot;_ha_eqh_enable&quot;:false}\">\n\t\t\t\t<div class=\"elementor-element elementor-element-88386a3 elementor-widget__width-inherit elementor-widget elementor-widget-image\" data-id=\"88386a3\" data-element_type=\"widget\" data-e-type=\"widget\" data-widget_type=\"image.default\">\n\t\t\t\t<div class=\"elementor-widget-container\">\n\t\t\t\t\t\t\t\t\t\t\t\t\t\t\t<img fetchpriority=\"high\" decoding=\"async\" width=\"2560\" height=\"2560\" src=\"https:\/\/bellostudio.pl\/wp-content\/uploads\/2023\/01\/projekt-pokoju-dzieciecego-rzeszow1-1.webp\" class=\"attachment-full size-full wp-image-3923\" alt=\"\" srcset=\"https:\/\/bellostudio.pl\/wp-content\/uploads\/2023\/01\/projekt-pokoju-dzieciecego-rzeszow1-1.webp 2560w, https:\/\/bellostudio.pl\/wp-content\/uploads\/2023\/01\/projekt-pokoju-dzieciecego-rzeszow1-1-600x600.webp 600w, https:\/\/bellostudio.pl\/wp-content\/uploads\/2023\/01\/projekt-pokoju-dzieciecego-rzeszow1-1-1400x1400.webp 1400w, https:\/\/bellostudio.pl\/wp-content\/uploads\/2023\/01\/projekt-pokoju-dzieciecego-rzeszow1-1-150x150.webp 150w, https:\/\/bellostudio.pl\/wp-content\/uploads\/2023\/01\/projekt-pokoju-dzieciecego-rzeszow1-1-768x768.webp 768w, https:\/\/bellostudio.pl\/wp-content\/uploads\/2023\/01\/projekt-pokoju-dzieciecego-rzeszow1-1-1536x1536.webp 1536w, https:\/\/bellostudio.pl\/wp-content\/uploads\/2023\/01\/projekt-pokoju-dzieciecego-rzeszow1-1-2048x2048.webp 2048w\" sizes=\"(max-width: 2560px) 100vw, 2560px\" loading=\"eager\" \/>\t\t\t\t\t\t\t\t\t\t\t\t\t\t\t<\/div>\n\t\t\t\t<\/div>\n\t\t\t\t<\/div>\n\t\t<div class=\"elementor-element elementor-element-1d96d57 e-con-full e-flex e-con e-child\" data-id=\"1d96d57\" data-element_type=\"container\" data-e-type=\"container\" data-settings=\"{&quot;_ha_eqh_enable&quot;:false}\">\n\t\t\t\t<div class=\"elementor-element elementor-element-1e9e24b elementor-widget__width-inherit elementor-widget elementor-widget-image\" data-id=\"1e9e24b\" data-element_type=\"widget\" data-e-type=\"widget\" data-widget_type=\"image.default\">\n\t\t\t\t<div class=\"elementor-widget-container\">\n\t\t\t\t\t\t\t\t\t\t\t\t\t\t\t<img decoding=\"async\" width=\"2048\" height=\"2560\" src=\"https:\/\/bellostudio.pl\/wp-content\/uploads\/2023\/01\/projekt-pokoju-dzieciecego-rzeszow2-1.webp\" class=\"attachment-full size-full wp-image-3924\" alt=\"\" srcset=\"https:\/\/bellostudio.pl\/wp-content\/uploads\/2023\/01\/projekt-pokoju-dzieciecego-rzeszow2-1.webp 2048w, https:\/\/bellostudio.pl\/wp-content\/uploads\/2023\/01\/projekt-pokoju-dzieciecego-rzeszow2-1-480x600.webp 480w, https:\/\/bellostudio.pl\/wp-content\/uploads\/2023\/01\/projekt-pokoju-dzieciecego-rzeszow2-1-1120x1400.webp 1120w, https:\/\/bellostudio.pl\/wp-content\/uploads\/2023\/01\/projekt-pokoju-dzieciecego-rzeszow2-1-768x960.webp 768w, https:\/\/bellostudio.pl\/wp-content\/uploads\/2023\/01\/projekt-pokoju-dzieciecego-rzeszow2-1-1229x1536.webp 1229w, https:\/\/bellostudio.pl\/wp-content\/uploads\/2023\/01\/projekt-pokoju-dzieciecego-rzeszow2-1-1638x2048.webp 1638w\" sizes=\"(max-width: 2048px) 100vw, 2048px\" loading=\"eager\" \/>\t\t\t\t\t\t\t\t\t\t\t\t\t\t\t<\/div>\n\t\t\t\t<\/div>\n\t\t\t\t<\/div>\n\t\t<div class=\"elementor-element elementor-element-e923738 e-con-full e-flex e-con e-child\" data-id=\"e923738\" data-element_type=\"container\" data-e-type=\"container\" data-settings=\"{&quot;_ha_eqh_enable&quot;:false}\">\n\t\t\t\t<div class=\"elementor-element elementor-element-38c9715 elementor-widget__width-inherit elementor-widget elementor-widget-image\" data-id=\"38c9715\" data-element_type=\"widget\" data-e-type=\"widget\" data-widget_type=\"image.default\">\n\t\t\t\t<div class=\"elementor-widget-container\">\n\t\t\t\t\t\t\t\t\t\t\t\t\t\t\t<img decoding=\"async\" width=\"2048\" height=\"2560\" src=\"https:\/\/bellostudio.pl\/wp-content\/uploads\/2023\/01\/projekt-pokoju-dzieciecego-rzeszow3-1.webp\" class=\"attachment-full size-full wp-image-3925\" alt=\"\" srcset=\"https:\/\/bellostudio.pl\/wp-content\/uploads\/2023\/01\/projekt-pokoju-dzieciecego-rzeszow3-1.webp 2048w, https:\/\/bellostudio.pl\/wp-content\/uploads\/2023\/01\/projekt-pokoju-dzieciecego-rzeszow3-1-480x600.webp 480w, https:\/\/bellostudio.pl\/wp-content\/uploads\/2023\/01\/projekt-pokoju-dzieciecego-rzeszow3-1-1120x1400.webp 1120w, https:\/\/bellostudio.pl\/wp-content\/uploads\/2023\/01\/projekt-pokoju-dzieciecego-rzeszow3-1-768x960.webp 768w, https:\/\/bellostudio.pl\/wp-content\/uploads\/2023\/01\/projekt-pokoju-dzieciecego-rzeszow3-1-1229x1536.webp 1229w, https:\/\/bellostudio.pl\/wp-content\/uploads\/2023\/01\/projekt-pokoju-dzieciecego-rzeszow3-1-1638x2048.webp 1638w\" sizes=\"(max-width: 2048px) 100vw, 2048px\" loading=\"eager\" \/>\t\t\t\t\t\t\t\t\t\t\t\t\t\t\t<\/div>\n\t\t\t\t<\/div>\n\t\t\t\t<\/div>\n\t\t<div class=\"elementor-element elementor-element-36ef284 e-con-full e-flex e-con e-child\" data-id=\"36ef284\" data-element_type=\"container\" data-e-type=\"container\" data-settings=\"{&quot;_ha_eqh_enable&quot;:false}\">\n\t\t\t\t<div class=\"elementor-element elementor-element-4bc4f26 elementor-widget__width-inherit elementor-widget elementor-widget-image\" data-id=\"4bc4f26\" data-element_type=\"widget\" data-e-type=\"widget\" data-widget_type=\"image.default\">\n\t\t\t\t<div class=\"elementor-widget-container\">\n\t\t\t\t\t\t\t\t\t\t\t\t\t\t\t<img decoding=\"async\" width=\"2560\" height=\"2560\" src=\"https:\/\/bellostudio.pl\/wp-content\/uploads\/2023\/01\/projekt-pokoju-dzieciecego-rzeszow4-1.webp\" class=\"attachment-full size-full wp-image-3926\" alt=\"\" srcset=\"https:\/\/bellostudio.pl\/wp-content\/uploads\/2023\/01\/projekt-pokoju-dzieciecego-rzeszow4-1.webp 2560w, https:\/\/bellostudio.pl\/wp-content\/uploads\/2023\/01\/projekt-pokoju-dzieciecego-rzeszow4-1-600x600.webp 600w, https:\/\/bellostudio.pl\/wp-content\/uploads\/2023\/01\/projekt-pokoju-dzieciecego-rzeszow4-1-1400x1400.webp 1400w, https:\/\/bellostudio.pl\/wp-content\/uploads\/2023\/01\/projekt-pokoju-dzieciecego-rzeszow4-1-150x150.webp 150w, https:\/\/bellostudio.pl\/wp-content\/uploads\/2023\/01\/projekt-pokoju-dzieciecego-rzeszow4-1-768x768.webp 768w, https:\/\/bellostudio.pl\/wp-content\/uploads\/2023\/01\/projekt-pokoju-dzieciecego-rzeszow4-1-1536x1536.webp 1536w, https:\/\/bellostudio.pl\/wp-content\/uploads\/2023\/01\/projekt-pokoju-dzieciecego-rzeszow4-1-2048x2048.webp 2048w\" sizes=\"(max-width: 2560px) 100vw, 2560px\" loading=\"eager\" \/>\t\t\t\t\t\t\t\t\t\t\t\t\t\t\t<\/div>\n\t\t\t\t<\/div>\n\t\t\t\t<\/div>\n\t\t<div class=\"elementor-element elementor-element-3d853e3 e-con-full e-flex e-con e-child\" data-id=\"3d853e3\" data-element_type=\"container\" data-e-type=\"container\" data-settings=\"{&quot;_ha_eqh_enable&quot;:false}\">\n\t\t\t\t<div class=\"elementor-element elementor-element-c696c24 elementor-widget__width-inherit elementor-widget elementor-widget-image\" data-id=\"c696c24\" data-element_type=\"widget\" data-e-type=\"widget\" data-widget_type=\"image.default\">\n\t\t\t\t<div class=\"elementor-widget-container\">\n\t\t\t\t\t\t\t\t\t\t\t\t\t\t\t<img decoding=\"async\" width=\"2560\" height=\"2560\" src=\"https:\/\/bellostudio.pl\/wp-content\/uploads\/2023\/01\/projekt-pokoju-dzieciecego-rzeszow5-1.webp\" class=\"attachment-full size-full wp-image-3927\" alt=\"\" srcset=\"https:\/\/bellostudio.pl\/wp-content\/uploads\/2023\/01\/projekt-pokoju-dzieciecego-rzeszow5-1.webp 2560w, https:\/\/bellostudio.pl\/wp-content\/uploads\/2023\/01\/projekt-pokoju-dzieciecego-rzeszow5-1-600x600.webp 600w, https:\/\/bellostudio.pl\/wp-content\/uploads\/2023\/01\/projekt-pokoju-dzieciecego-rzeszow5-1-1400x1400.webp 1400w, https:\/\/bellostudio.pl\/wp-content\/uploads\/2023\/01\/projekt-pokoju-dzieciecego-rzeszow5-1-150x150.webp 150w, https:\/\/bellostudio.pl\/wp-content\/uploads\/2023\/01\/projekt-pokoju-dzieciecego-rzeszow5-1-768x768.webp 768w, https:\/\/bellostudio.pl\/wp-content\/uploads\/2023\/01\/projekt-pokoju-dzieciecego-rzeszow5-1-1536x1536.webp 1536w, https:\/\/bellostudio.pl\/wp-content\/uploads\/2023\/01\/projekt-pokoju-dzieciecego-rzeszow5-1-2048x2048.webp 2048w\" sizes=\"(max-width: 2560px) 100vw, 2560px\" loading=\"eager\" \/>\t\t\t\t\t\t\t\t\t\t\t\t\t\t\t<\/div>\n\t\t\t\t<\/div>\n\t\t\t\t<\/div>\n\t\t\t\t<\/div>\n\t\t\t\t<\/div>\n\t\t\t\t<\/div>\n\t\t","protected":false},"excerpt":{"rendered":"<p>2022 niebieski pok\u00f3j ch\u0142opca projekt wn\u0119trze pokoju dzieci\u0119cego\u200b lokalizacja rzesz\u00f3w powierzchnia 26 m2<\/p>\n","protected":false},"author":1,"featured_media":0,"parent":2,"menu_order":14,"comment_status":"closed","ping_status":"closed","template":"","meta":{"footnotes":""},"class_list":["post-3915","page","type-page","status-publish","hentry"],"_links":{"self":[{"href":"https:\/\/bellostudio.pl\/pl\/wp-json\/wp\/v2\/pages\/3915","targetHints":{"allow":["GET"]}}],"collection":[{"href":"https:\/\/bellostudio.pl\/pl\/wp-json\/wp\/v2\/pages"}],"about":[{"href":"https:\/\/bellostudio.pl\/pl\/wp-json\/wp\/v2\/types\/page"}],"author":[{"embeddable":true,"href":"https:\/\/bellostudio.pl\/pl\/wp-json\/wp\/v2\/users\/1"}],"replies":[{"embeddable":true,"href":"https:\/\/bellostudio.pl\/pl\/wp-json\/wp\/v2\/comments?post=3915"}],"version-history":[{"count":5,"href":"https:\/\/bellostudio.pl\/pl\/wp-json\/wp\/v2\/pages\/3915\/revisions"}],"predecessor-version":[{"id":7514,"href":"https:\/\/bellostudio.pl\/pl\/wp-json\/wp\/v2\/pages\/3915\/revisions\/7514"}],"up":[{"embeddable":true,"href":"https:\/\/bellostudio.pl\/pl\/wp-json\/wp\/v2\/pages\/2"}],"wp:attachment":[{"href":"https:\/\/bellostudio.pl\/pl\/wp-json\/wp\/v2\/media?parent=3915"}],"curies":[{"name":"wp","href":"https:\/\/api.w.org\/{rel}","templated":true}]}}