{"id":5048,"date":"2023-01-04T23:37:26","date_gmt":"2023-01-04T22:37:13","guid":{"rendered":"https:\/\/bellostudio.pl\/?page_id=5048"},"modified":"2023-02-08T11:53:51","modified_gmt":"2023-02-08T10:53:51","slug":"projektowanie-wnetrz-rzeszow","status":"publish","type":"page","link":"https:\/\/bellostudio.pl\/pl\/projektowanie-wnetrz-rzeszow\/","title":{"rendered":"Projektowanie wn\u0119trz Rzesz\u00f3w"},"content":{"rendered":"\t\t<div data-elementor-type=\"wp-page\" data-elementor-id=\"5048\" class=\"elementor elementor-5048\" data-elementor-settings=\"{&quot;ha_cmc_init_switcher&quot;:&quot;no&quot;}\" data-elementor-post-type=\"page\">\n\t\t\t\t<div class=\"elementor-element elementor-element-4ba090e e-con-full u-px--page  u-pt-3-7 u-pb-2-3 e-flex e-con e-parent\" data-id=\"4ba090e\" data-element_type=\"container\" data-e-type=\"container\" data-settings=\"{&quot;_ha_eqh_enable&quot;:false}\">\n\t\t<div class=\"elementor-element elementor-element-823198f e-con-full e-flex e-con e-child\" data-id=\"823198f\" data-element_type=\"container\" data-e-type=\"container\" data-settings=\"{&quot;_ha_eqh_enable&quot;:false}\">\n\t\t\t\t<div class=\"elementor-element elementor-element-11ac0bb t-page-title u-pb-4-2 u-mt-5-5  elementor-widget elementor-widget-heading\" data-id=\"11ac0bb\" data-element_type=\"widget\" data-e-type=\"widget\" data-widget_type=\"heading.default\">\n\t\t\t\t<div class=\"elementor-widget-container\">\n\t\t\t\t\t<h1 class=\"elementor-heading-title elementor-size-default\">team<\/h1>\t\t\t\t<\/div>\n\t\t\t\t<\/div>\n\t\t\t\t<div class=\"elementor-element elementor-element-f6efe77 elementor-widget elementor-widget-text-editor\" data-id=\"f6efe77\" data-element_type=\"widget\" data-e-type=\"widget\" data-widget_type=\"text-editor.default\">\n\t\t\t\t<div class=\"elementor-widget-container\">\n\t\t\t\t\t\t\t\t\t<p>Opr\u00f3cz tego, \u017ce jeste\u015bmy fanami nowoczesnych, \u015bmia\u0142ych rozwi\u0105za\u0144, pi\u0119knego designu i u\u017cytecznej architektury to r\u00f3wnie du\u017c\u0105 wag\u0119 przyk\u0142adamy do organizacji, harmonogram\u00f3w i dobrze pouk\u0142adanego procesu wyko\u0144czenia mieszka\u0144, dom\u00f3w oraz przestrzeni u\u017cyteczno\u015bci publicznej. Bierzemy pe\u0142n\u0105 odpowiedzialno\u015b\u0107 za nasze realizacje i Pa\u0144stwa zadowolenie.<\/p>\t\t\t\t\t\t\t\t<\/div>\n\t\t\t\t<\/div>\n\t\t\t\t<\/div>\n\t\t\t\t<\/div>\n\t\t<div class=\"elementor-element elementor-element-f321104 e-con-full u-px--page e-flex e-con e-parent\" data-id=\"f321104\" data-element_type=\"container\" data-e-type=\"container\" data-settings=\"{&quot;_ha_eqh_enable&quot;:false}\">\n\t\t<div class=\"elementor-element elementor-element-4b5c29b e-con-full c-about-card u-pb-4-4 e-flex e-con e-child\" data-id=\"4b5c29b\" data-element_type=\"container\" data-e-type=\"container\" data-settings=\"{&quot;background_background&quot;:&quot;classic&quot;,&quot;_ha_eqh_enable&quot;:false}\">\n\t\t\t\t<div class=\"elementor-element elementor-element-cdf0bb9 u-pb-2-2 fx-reveal-on-scroll elementor-widget elementor-widget-image\" data-id=\"cdf0bb9\" data-element_type=\"widget\" data-e-type=\"widget\" data-widget_type=\"image.default\">\n\t\t\t\t<div class=\"elementor-widget-container\">\n\t\t\t\t\t\t\t\t\t\t\t\t\t\t\t<img fetchpriority=\"high\" decoding=\"async\" width=\"2048\" height=\"2560\" src=\"https:\/\/bellostudio.pl\/wp-content\/uploads\/2023\/01\/bello-studio-projektowe-rzeszow-01.webp\" class=\"attachment-full size-full wp-image-5113\" alt=\"bello studio projektowe Rzesz\u00f3w\" srcset=\"https:\/\/bellostudio.pl\/wp-content\/uploads\/2023\/01\/bello-studio-projektowe-rzeszow-01.webp 2048w, https:\/\/bellostudio.pl\/wp-content\/uploads\/2023\/01\/bello-studio-projektowe-rzeszow-01-480x600.webp 480w, https:\/\/bellostudio.pl\/wp-content\/uploads\/2023\/01\/bello-studio-projektowe-rzeszow-01-1120x1400.webp 1120w, https:\/\/bellostudio.pl\/wp-content\/uploads\/2023\/01\/bello-studio-projektowe-rzeszow-01-768x960.webp 768w, https:\/\/bellostudio.pl\/wp-content\/uploads\/2023\/01\/bello-studio-projektowe-rzeszow-01-1229x1536.webp 1229w, https:\/\/bellostudio.pl\/wp-content\/uploads\/2023\/01\/bello-studio-projektowe-rzeszow-01-1638x2048.webp 1638w\" sizes=\"(max-width: 2048px) 100vw, 2048px\" loading=\"eager\" \/>\t\t\t\t\t\t\t\t\t\t\t\t\t\t\t<\/div>\n\t\t\t\t<\/div>\n\t\t\t\t<div class=\"elementor-element elementor-element-f97e720 t-small-black  fx-reveal-on-scroll elementor-widget elementor-widget-heading\" data-id=\"f97e720\" data-element_type=\"widget\" data-e-type=\"widget\" data-widget_type=\"heading.default\">\n\t\t\t\t<div class=\"elementor-widget-container\">\n\t\t\t\t\t<h2 class=\"elementor-heading-title elementor-size-default\">anna barnat<\/h2>\t\t\t\t<\/div>\n\t\t\t\t<\/div>\n\t\t\t\t<div class=\"elementor-element elementor-element-8bcac67 fx-reveal-on-scroll elementor-widget elementor-widget-toggle\" data-id=\"8bcac67\" data-element_type=\"widget\" data-e-type=\"widget\" data-widget_type=\"toggle.default\">\n\t\t\t\t<div class=\"elementor-widget-container\">\n\t\t\t\t\t\t\t<div class=\"elementor-toggle\">\n\t\t\t\t\t\t\t<div class=\"elementor-toggle-item\">\n\t\t\t\t\t<div id=\"elementor-tab-title-1461\" class=\"elementor-tab-title\" data-tab=\"1\" role=\"button\" aria-controls=\"elementor-tab-content-1461\" aria-expanded=\"false\">\n\t\t\t\t\t\t\t\t\t\t\t\t<a class=\"elementor-toggle-title\" tabindex=\"0\">poznaj mnie<\/a>\n\t\t\t\t\t<\/div>\n\n\t\t\t\t\t<div id=\"elementor-tab-content-1461\" class=\"elementor-tab-content elementor-clearfix\" data-tab=\"1\" role=\"region\" aria-labelledby=\"elementor-tab-title-1461\"><p>Za\u0142o\u017cycielka bello studio &#8211; Architekt i Architekt Wn\u0119trz.<\/p><p>\u00a0W projektowaniu najwa\u017cniejsze jest dla niej holistyczne podej\u015bcie i dba\u0142o\u015b\u0107 o najmniejszy szczeg\u00f3\u0142. Kocha design oraz sztuk\u0119 i czerpie inspiracje ze swoich pasji, aby tworzy\u0107 projekty na najwy\u017cszym poziomie.<\/p><\/div>\n\t\t\t\t<\/div>\n\t\t\t\t\t\t\t\t<\/div>\n\t\t\t\t\t\t<\/div>\n\t\t\t\t<\/div>\n\t\t\t\t<\/div>\n\t\t<div class=\"elementor-element elementor-element-db4e33f e-con-full c-about-card u-pb-4-4 e-flex e-con e-child\" data-id=\"db4e33f\" data-element_type=\"container\" data-e-type=\"container\" data-settings=\"{&quot;_ha_eqh_enable&quot;:false}\">\n\t\t\t\t<div class=\"elementor-element elementor-element-9f71ec6 u-pb-2-2 fx-reveal-on-scroll elementor-widget elementor-widget-image\" data-id=\"9f71ec6\" data-element_type=\"widget\" data-e-type=\"widget\" data-widget_type=\"image.default\">\n\t\t\t\t<div class=\"elementor-widget-container\">\n\t\t\t\t\t\t\t\t\t\t\t\t\t\t\t<img decoding=\"async\" width=\"2048\" height=\"2560\" src=\"https:\/\/bellostudio.pl\/wp-content\/uploads\/2023\/01\/bello-studio-projektowe-rzeszow-02.webp\" class=\"attachment-full size-full wp-image-5114\" alt=\"bello studio projektowe Rzesz\u00f3w\" srcset=\"https:\/\/bellostudio.pl\/wp-content\/uploads\/2023\/01\/bello-studio-projektowe-rzeszow-02.webp 2048w, https:\/\/bellostudio.pl\/wp-content\/uploads\/2023\/01\/bello-studio-projektowe-rzeszow-02-480x600.webp 480w, https:\/\/bellostudio.pl\/wp-content\/uploads\/2023\/01\/bello-studio-projektowe-rzeszow-02-1120x1400.webp 1120w, https:\/\/bellostudio.pl\/wp-content\/uploads\/2023\/01\/bello-studio-projektowe-rzeszow-02-768x960.webp 768w, https:\/\/bellostudio.pl\/wp-content\/uploads\/2023\/01\/bello-studio-projektowe-rzeszow-02-1229x1536.webp 1229w, https:\/\/bellostudio.pl\/wp-content\/uploads\/2023\/01\/bello-studio-projektowe-rzeszow-02-1638x2048.webp 1638w\" sizes=\"(max-width: 2048px) 100vw, 2048px\" loading=\"eager\" \/>\t\t\t\t\t\t\t\t\t\t\t\t\t\t\t<\/div>\n\t\t\t\t<\/div>\n\t\t\t\t<div class=\"elementor-element elementor-element-8cc1079 t-small-black fx-reveal-on-scroll elementor-widget elementor-widget-heading\" data-id=\"8cc1079\" data-element_type=\"widget\" data-e-type=\"widget\" data-widget_type=\"heading.default\">\n\t\t\t\t<div class=\"elementor-widget-container\">\n\t\t\t\t\t<h2 class=\"elementor-heading-title elementor-size-default\">mateusz barnat<\/h2>\t\t\t\t<\/div>\n\t\t\t\t<\/div>\n\t\t\t\t<div class=\"elementor-element elementor-element-05acca2 fx-reveal-on-scroll elementor-widget elementor-widget-toggle\" data-id=\"05acca2\" data-element_type=\"widget\" data-e-type=\"widget\" data-widget_type=\"toggle.default\">\n\t\t\t\t<div class=\"elementor-widget-container\">\n\t\t\t\t\t\t\t<div class=\"elementor-toggle\">\n\t\t\t\t\t\t\t<div class=\"elementor-toggle-item\">\n\t\t\t\t\t<div id=\"elementor-tab-title-5951\" class=\"elementor-tab-title\" data-tab=\"1\" role=\"button\" aria-controls=\"elementor-tab-content-5951\" aria-expanded=\"false\">\n\t\t\t\t\t\t\t\t\t\t\t\t<a class=\"elementor-toggle-title\" tabindex=\"0\">poznaj mnie<\/a>\n\t\t\t\t\t<\/div>\n\n\t\t\t\t\t<div id=\"elementor-tab-content-5951\" class=\"elementor-tab-content elementor-clearfix\" data-tab=\"1\" role=\"region\" aria-labelledby=\"elementor-tab-title-5951\"><p><br \/>Wsp\u00f3\u0142za\u0142o\u017cyciel bello studio &#8211; prawnik, deweloper, prezes SBS development.<\/p><p>Swoje do\u015bwiadczenie biznesowe i budowlane wykorzystuje w nadzorach wykonawczych nad projektami, wsp\u00f3\u0142tworzy procesy w bello studio oraz utrzymuje relacje inwestorskie.<\/p><\/div>\n\t\t\t\t<\/div>\n\t\t\t\t\t\t\t\t<\/div>\n\t\t\t\t\t\t<\/div>\n\t\t\t\t<\/div>\n\t\t\t\t<\/div>\n\t\t\t\t<\/div>\n\t\t<div class=\"elementor-element elementor-element-db767cc e-con-full u-px--page e-flex e-con e-parent\" data-id=\"db767cc\" data-element_type=\"container\" data-e-type=\"container\" data-settings=\"{&quot;_ha_eqh_enable&quot;:false}\">\n\t\t<div class=\"elementor-element elementor-element-2601915 e-con-full c-about-card u-pb-4-4 e-flex e-con e-child\" data-id=\"2601915\" data-element_type=\"container\" data-e-type=\"container\" data-settings=\"{&quot;_ha_eqh_enable&quot;:false}\">\n\t\t\t\t<div class=\"elementor-element elementor-element-b6fae29 u-pb-2-2 fx-reveal-on-scroll elementor-widget elementor-widget-image\" data-id=\"b6fae29\" data-element_type=\"widget\" data-e-type=\"widget\" data-widget_type=\"image.default\">\n\t\t\t\t<div class=\"elementor-widget-container\">\n\t\t\t\t\t\t\t\t\t\t\t\t\t\t\t<img decoding=\"async\" width=\"2048\" height=\"2560\" src=\"https:\/\/bellostudio.pl\/wp-content\/uploads\/2023\/01\/bello-studio-projektowe-rzeszow-04.webp\" class=\"attachment-full size-full wp-image-5116\" alt=\"bello studio projektowe Rzesz\u00f3w\" srcset=\"https:\/\/bellostudio.pl\/wp-content\/uploads\/2023\/01\/bello-studio-projektowe-rzeszow-04.webp 2048w, https:\/\/bellostudio.pl\/wp-content\/uploads\/2023\/01\/bello-studio-projektowe-rzeszow-04-480x600.webp 480w, https:\/\/bellostudio.pl\/wp-content\/uploads\/2023\/01\/bello-studio-projektowe-rzeszow-04-1120x1400.webp 1120w, https:\/\/bellostudio.pl\/wp-content\/uploads\/2023\/01\/bello-studio-projektowe-rzeszow-04-768x960.webp 768w, https:\/\/bellostudio.pl\/wp-content\/uploads\/2023\/01\/bello-studio-projektowe-rzeszow-04-1229x1536.webp 1229w, https:\/\/bellostudio.pl\/wp-content\/uploads\/2023\/01\/bello-studio-projektowe-rzeszow-04-1638x2048.webp 1638w\" sizes=\"(max-width: 2048px) 100vw, 2048px\" loading=\"eager\" \/>\t\t\t\t\t\t\t\t\t\t\t\t\t\t\t<\/div>\n\t\t\t\t<\/div>\n\t\t\t\t<div class=\"elementor-element elementor-element-a0bff86 t-small-black fx-reveal-on-scroll elementor-widget elementor-widget-heading\" data-id=\"a0bff86\" data-element_type=\"widget\" data-e-type=\"widget\" data-widget_type=\"heading.default\">\n\t\t\t\t<div class=\"elementor-widget-container\">\n\t\t\t\t\t<h2 class=\"elementor-heading-title elementor-size-default\">natalia mo\u017cd\u017ce\u0144<\/h2>\t\t\t\t<\/div>\n\t\t\t\t<\/div>\n\t\t\t\t<div class=\"elementor-element elementor-element-ee0823f fx-reveal-on-scroll elementor-widget elementor-widget-toggle\" data-id=\"ee0823f\" data-element_type=\"widget\" data-e-type=\"widget\" data-widget_type=\"toggle.default\">\n\t\t\t\t<div class=\"elementor-widget-container\">\n\t\t\t\t\t\t\t<div class=\"elementor-toggle\">\n\t\t\t\t\t\t\t<div class=\"elementor-toggle-item\">\n\t\t\t\t\t<div id=\"elementor-tab-title-2491\" class=\"elementor-tab-title\" data-tab=\"1\" role=\"button\" aria-controls=\"elementor-tab-content-2491\" aria-expanded=\"false\">\n\t\t\t\t\t\t\t\t\t\t\t\t<a class=\"elementor-toggle-title\" tabindex=\"0\">poznaj mnie<\/a>\n\t\t\t\t\t<\/div>\n\n\t\t\t\t\t<div id=\"elementor-tab-content-2491\" class=\"elementor-tab-content elementor-clearfix\" data-tab=\"1\" role=\"region\" aria-labelledby=\"elementor-tab-title-2491\"><p>Architekt i Architekt Wn\u0119trz.<\/p><p>Odpowiada przede wszystkim za design naszych projekt\u00f3w. Wyr\u00f3\u017cnia si\u0119 wysokim wyczuciem estetyki. Szuka ciekawych pomys\u0142\u00f3w w projektach bello i nie boi si\u0119 odwa\u017cnych rozwi\u0105za\u0144. Ca\u0142y czas si\u0119 szkoli i doskonali swoje kwalifikacje, aby podwy\u017csza\u0107 poziom wykonywanych projekt\u00f3w. <\/p><\/div>\n\t\t\t\t<\/div>\n\t\t\t\t\t\t\t\t<\/div>\n\t\t\t\t\t\t<\/div>\n\t\t\t\t<\/div>\n\t\t\t\t<\/div>\n\t\t<div class=\"elementor-element elementor-element-fcb4f56 e-con-full c-about-card u-pb-4-4 e-flex e-con e-child\" data-id=\"fcb4f56\" data-element_type=\"container\" data-e-type=\"container\" data-settings=\"{&quot;_ha_eqh_enable&quot;:false}\">\n\t\t\t\t<div class=\"elementor-element elementor-element-c92607b u-pb-2-2 fx-reveal-on-scroll elementor-widget elementor-widget-image\" data-id=\"c92607b\" data-element_type=\"widget\" data-e-type=\"widget\" data-widget_type=\"image.default\">\n\t\t\t\t<div class=\"elementor-widget-container\">\n\t\t\t\t\t\t\t\t\t\t\t\t\t\t\t<img decoding=\"async\" width=\"2048\" height=\"2560\" src=\"https:\/\/bellostudio.pl\/wp-content\/uploads\/2023\/01\/bello-studio-projektowe-rzeszow-03.webp\" class=\"attachment-full size-full wp-image-5115\" alt=\"bello studio projektowe Rzesz\u00f3w\" srcset=\"https:\/\/bellostudio.pl\/wp-content\/uploads\/2023\/01\/bello-studio-projektowe-rzeszow-03.webp 2048w, https:\/\/bellostudio.pl\/wp-content\/uploads\/2023\/01\/bello-studio-projektowe-rzeszow-03-480x600.webp 480w, https:\/\/bellostudio.pl\/wp-content\/uploads\/2023\/01\/bello-studio-projektowe-rzeszow-03-1120x1400.webp 1120w, https:\/\/bellostudio.pl\/wp-content\/uploads\/2023\/01\/bello-studio-projektowe-rzeszow-03-768x960.webp 768w, https:\/\/bellostudio.pl\/wp-content\/uploads\/2023\/01\/bello-studio-projektowe-rzeszow-03-1229x1536.webp 1229w, https:\/\/bellostudio.pl\/wp-content\/uploads\/2023\/01\/bello-studio-projektowe-rzeszow-03-1638x2048.webp 1638w\" sizes=\"(max-width: 2048px) 100vw, 2048px\" loading=\"eager\" \/>\t\t\t\t\t\t\t\t\t\t\t\t\t\t\t<\/div>\n\t\t\t\t<\/div>\n\t\t\t\t<div class=\"elementor-element elementor-element-b061330 t-small-black fx-reveal-on-scroll elementor-widget elementor-widget-heading\" data-id=\"b061330\" data-element_type=\"widget\" data-e-type=\"widget\" data-widget_type=\"heading.default\">\n\t\t\t\t<div class=\"elementor-widget-container\">\n\t\t\t\t\t<h2 class=\"elementor-heading-title elementor-size-default\">dominika nowak<\/h2>\t\t\t\t<\/div>\n\t\t\t\t<\/div>\n\t\t\t\t<div class=\"elementor-element elementor-element-891561e fx-reveal-on-scroll elementor-widget elementor-widget-toggle\" data-id=\"891561e\" data-element_type=\"widget\" data-e-type=\"widget\" data-widget_type=\"toggle.default\">\n\t\t\t\t<div class=\"elementor-widget-container\">\n\t\t\t\t\t\t\t<div class=\"elementor-toggle\">\n\t\t\t\t\t\t\t<div class=\"elementor-toggle-item\">\n\t\t\t\t\t<div id=\"elementor-tab-title-1431\" class=\"elementor-tab-title\" data-tab=\"1\" role=\"button\" aria-controls=\"elementor-tab-content-1431\" aria-expanded=\"false\">\n\t\t\t\t\t\t\t\t\t\t\t\t<a class=\"elementor-toggle-title\" tabindex=\"0\">poznaj mnie<\/a>\n\t\t\t\t\t<\/div>\n\n\t\t\t\t\t<div id=\"elementor-tab-content-1431\" class=\"elementor-tab-content elementor-clearfix\" data-tab=\"1\" role=\"region\" aria-labelledby=\"elementor-tab-title-1431\"><p>Architekt i Architekt Wn\u0119trz.<\/p><p>Za najwy\u017cszy cel stawia precyzyjne i techniczne wykonywanie projekt\u00f3w. Prowadzi projekty od A do Z, nie zapominaj\u0105c o najdrobniejszych szczeg\u00f3\u0142ach. Mi\u0142o\u015bniczka proces\u00f3w i organizacji.<\/p><p>\u00a0<\/p><\/div>\n\t\t\t\t<\/div>\n\t\t\t\t\t\t\t\t<\/div>\n\t\t\t\t\t\t<\/div>\n\t\t\t\t<\/div>\n\t\t\t\t<\/div>\n\t\t\t\t<\/div>\n\t\t<div class=\"elementor-element elementor-element-b383861 e-con-full u-px--page e-flex e-con e-parent\" data-id=\"b383861\" data-element_type=\"container\" data-e-type=\"container\" data-settings=\"{&quot;_ha_eqh_enable&quot;:false}\">\n\t\t<div class=\"elementor-element elementor-element-a07e13b e-con-full c-about-card u-pb-4-4 e-flex e-con e-child\" data-id=\"a07e13b\" data-element_type=\"container\" data-e-type=\"container\" data-settings=\"{&quot;_ha_eqh_enable&quot;:false}\">\n\t\t\t\t<div class=\"elementor-element elementor-element-87d17d2 u-pb-2-2 fx-reveal-on-scroll elementor-widget elementor-widget-image\" data-id=\"87d17d2\" data-element_type=\"widget\" data-e-type=\"widget\" data-widget_type=\"image.default\">\n\t\t\t\t<div class=\"elementor-widget-container\">\n\t\t\t\t\t\t\t\t\t\t\t\t\t\t\t<img decoding=\"async\" width=\"2048\" height=\"2560\" src=\"https:\/\/bellostudio.pl\/wp-content\/uploads\/2023\/01\/6a.jpg\" class=\"attachment-full size-full wp-image-6183\" alt=\"bello studio projektowe Rzesz\u00f3w\" srcset=\"https:\/\/bellostudio.pl\/wp-content\/uploads\/2023\/01\/6a.jpg 2048w, https:\/\/bellostudio.pl\/wp-content\/uploads\/2023\/01\/6a-480x600.jpg 480w, https:\/\/bellostudio.pl\/wp-content\/uploads\/2023\/01\/6a-1120x1400.jpg 1120w, https:\/\/bellostudio.pl\/wp-content\/uploads\/2023\/01\/6a-768x960.jpg 768w, https:\/\/bellostudio.pl\/wp-content\/uploads\/2023\/01\/6a-1229x1536.jpg 1229w, https:\/\/bellostudio.pl\/wp-content\/uploads\/2023\/01\/6a-1638x2048.jpg 1638w\" sizes=\"(max-width: 2048px) 100vw, 2048px\" loading=\"eager\" \/>\t\t\t\t\t\t\t\t\t\t\t\t\t\t\t<\/div>\n\t\t\t\t<\/div>\n\t\t\t\t<div class=\"elementor-element elementor-element-0ff5965 t-small-black fx-reveal-on-scroll elementor-widget elementor-widget-heading\" data-id=\"0ff5965\" data-element_type=\"widget\" data-e-type=\"widget\" data-widget_type=\"heading.default\">\n\t\t\t\t<div class=\"elementor-widget-container\">\n\t\t\t\t\t<h2 class=\"elementor-heading-title elementor-size-default\">diana perepelitsya <\/h2>\t\t\t\t<\/div>\n\t\t\t\t<\/div>\n\t\t\t\t<div class=\"elementor-element elementor-element-46f9cd9 fx-reveal-on-scroll elementor-widget elementor-widget-toggle\" data-id=\"46f9cd9\" data-element_type=\"widget\" data-e-type=\"widget\" data-widget_type=\"toggle.default\">\n\t\t\t\t<div class=\"elementor-widget-container\">\n\t\t\t\t\t\t\t<div class=\"elementor-toggle\">\n\t\t\t\t\t\t\t<div class=\"elementor-toggle-item\">\n\t\t\t\t\t<div id=\"elementor-tab-title-7441\" class=\"elementor-tab-title\" data-tab=\"1\" role=\"button\" aria-controls=\"elementor-tab-content-7441\" aria-expanded=\"false\">\n\t\t\t\t\t\t\t\t\t\t\t\t<a class=\"elementor-toggle-title\" tabindex=\"0\">poznaj mnie<\/a>\n\t\t\t\t\t<\/div>\n\n\t\t\t\t\t<div id=\"elementor-tab-content-7441\" class=\"elementor-tab-content elementor-clearfix\" data-tab=\"1\" role=\"region\" aria-labelledby=\"elementor-tab-title-7441\"><p>Architekt Wn\u0119trz i grafik wizualny.<\/p><p>Dba o detale wyko\u0144czeniowe naszych projekt\u00f3w. W bello zajmuje si\u0119 przede wszystkim opracowywaniem wizualizacji fotorealistycznych ze staranno\u015bci\u0105 i ogromn\u0105 cierpliwo\u015bci\u0105. <\/p><\/div>\n\t\t\t\t<\/div>\n\t\t\t\t\t\t\t\t<\/div>\n\t\t\t\t\t\t<\/div>\n\t\t\t\t<\/div>\n\t\t\t\t<\/div>\n\t\t<div class=\"elementor-element elementor-element-8d28198 e-con-full c-about-card u-pb-4-4 e-flex e-con e-child\" data-id=\"8d28198\" data-element_type=\"container\" data-e-type=\"container\" data-settings=\"{&quot;_ha_eqh_enable&quot;:false}\">\n\t\t\t\t<div class=\"elementor-element elementor-element-6364415 u-pb-2-2 fx-reveal-on-scroll elementor-widget elementor-widget-image\" data-id=\"6364415\" data-element_type=\"widget\" data-e-type=\"widget\" data-widget_type=\"image.default\">\n\t\t\t\t<div class=\"elementor-widget-container\">\n\t\t\t\t\t\t\t\t\t\t\t\t\t\t\t<img decoding=\"async\" width=\"2048\" height=\"2560\" src=\"https:\/\/bellostudio.pl\/wp-content\/uploads\/2023\/01\/5a.jpg\" class=\"attachment-full size-full wp-image-6179\" alt=\"bello studio projektowe Rzesz\u00f3w\" srcset=\"https:\/\/bellostudio.pl\/wp-content\/uploads\/2023\/01\/5a.jpg 2048w, https:\/\/bellostudio.pl\/wp-content\/uploads\/2023\/01\/5a-480x600.jpg 480w, https:\/\/bellostudio.pl\/wp-content\/uploads\/2023\/01\/5a-1120x1400.jpg 1120w, https:\/\/bellostudio.pl\/wp-content\/uploads\/2023\/01\/5a-768x960.jpg 768w, https:\/\/bellostudio.pl\/wp-content\/uploads\/2023\/01\/5a-1229x1536.jpg 1229w, https:\/\/bellostudio.pl\/wp-content\/uploads\/2023\/01\/5a-1638x2048.jpg 1638w\" sizes=\"(max-width: 2048px) 100vw, 2048px\" loading=\"eager\" \/>\t\t\t\t\t\t\t\t\t\t\t\t\t\t\t<\/div>\n\t\t\t\t<\/div>\n\t\t\t\t<div class=\"elementor-element elementor-element-dbf3086 t-small-black fx-reveal-on-scroll elementor-widget elementor-widget-heading\" data-id=\"dbf3086\" data-element_type=\"widget\" data-e-type=\"widget\" data-widget_type=\"heading.default\">\n\t\t\t\t<div class=\"elementor-widget-container\">\n\t\t\t\t\t<h2 class=\"elementor-heading-title elementor-size-default\">danuta raus <\/h2>\t\t\t\t<\/div>\n\t\t\t\t<\/div>\n\t\t\t\t<div class=\"elementor-element elementor-element-f024b29 fx-reveal-on-scroll elementor-widget elementor-widget-toggle\" data-id=\"f024b29\" data-element_type=\"widget\" data-e-type=\"widget\" data-widget_type=\"toggle.default\">\n\t\t\t\t<div class=\"elementor-widget-container\">\n\t\t\t\t\t\t\t<div class=\"elementor-toggle\">\n\t\t\t\t\t\t\t<div class=\"elementor-toggle-item\">\n\t\t\t\t\t<div id=\"elementor-tab-title-2511\" class=\"elementor-tab-title\" data-tab=\"1\" role=\"button\" aria-controls=\"elementor-tab-content-2511\" aria-expanded=\"false\">\n\t\t\t\t\t\t\t\t\t\t\t\t<a class=\"elementor-toggle-title\" tabindex=\"0\">poznaj mnie<\/a>\n\t\t\t\t\t<\/div>\n\n\t\t\t\t\t<div id=\"elementor-tab-content-2511\" class=\"elementor-tab-content elementor-clearfix\" data-tab=\"1\" role=\"region\" aria-labelledby=\"elementor-tab-title-2511\"><p>Koordynator do spraw administracyjnych &#8211; Administratywistka<\/p><p>Jest perfekcjonistk\u0105 w dbaniu o sprawy administracyjne. Zarz\u0105dza prawid\u0142owym i terminowym przebiegiem spraw formalnych. <\/p><\/div>\n\t\t\t\t<\/div>\n\t\t\t\t\t\t\t\t<\/div>\n\t\t\t\t\t\t<\/div>\n\t\t\t\t<\/div>\n\t\t\t\t<\/div>\n\t\t\t\t<\/div>\n\t\t\t\t<\/div>\n\t\t","protected":false},"excerpt":{"rendered":"<p>team Opr\u00f3cz tego, \u017ce jeste\u015bmy fanami nowoczesnych, \u015bmia\u0142ych rozwi\u0105za\u0144, pi\u0119knego designu i u\u017cytecznej architektury to r\u00f3wnie du\u017c\u0105 wag\u0119 przyk\u0142adamy do organizacji, harmonogram\u00f3w i dobrze pouk\u0142adanego procesu wyko\u0144czenia mieszka\u0144, dom\u00f3w oraz przestrzeni u\u017cyteczno\u015bci publicznej. Bierzemy pe\u0142n\u0105 odpowiedzialno\u015b\u0107 za nasze realizacje i Pa\u0144stwa zadowolenie. anna barnat poznaj mnie Za\u0142o\u017cycielka bello studio &#8211; Architekt i Architekt Wn\u0119trz. \u00a0W [&hellip;]<\/p>\n","protected":false},"author":1,"featured_media":0,"parent":0,"menu_order":1,"comment_status":"closed","ping_status":"open","template":"","meta":{"footnotes":""},"class_list":["post-5048","page","type-page","status-publish","hentry"],"_links":{"self":[{"href":"https:\/\/bellostudio.pl\/pl\/wp-json\/wp\/v2\/pages\/5048","targetHints":{"allow":["GET"]}}],"collection":[{"href":"https:\/\/bellostudio.pl\/pl\/wp-json\/wp\/v2\/pages"}],"about":[{"href":"https:\/\/bellostudio.pl\/pl\/wp-json\/wp\/v2\/types\/page"}],"author":[{"embeddable":true,"href":"https:\/\/bellostudio.pl\/pl\/wp-json\/wp\/v2\/users\/1"}],"replies":[{"embeddable":true,"href":"https:\/\/bellostudio.pl\/pl\/wp-json\/wp\/v2\/comments?post=5048"}],"version-history":[{"count":5,"href":"https:\/\/bellostudio.pl\/pl\/wp-json\/wp\/v2\/pages\/5048\/revisions"}],"predecessor-version":[{"id":7559,"href":"https:\/\/bellostudio.pl\/pl\/wp-json\/wp\/v2\/pages\/5048\/revisions\/7559"}],"wp:attachment":[{"href":"https:\/\/bellostudio.pl\/pl\/wp-json\/wp\/v2\/media?parent=5048"}],"curies":[{"name":"wp","href":"https:\/\/api.w.org\/{rel}","templated":true}]}}