{"id":5050,"date":"2023-01-05T13:31:24","date_gmt":"2023-01-05T12:31:24","guid":{"rendered":"https:\/\/bellostudio.pl\/?page_id=5050"},"modified":"2023-02-09T20:25:38","modified_gmt":"2023-02-09T19:25:38","slug":"polityka-prywatnosci","status":"publish","type":"page","link":"https:\/\/bellostudio.pl\/pl\/polityka-prywatnosci\/","title":{"rendered":"Polityka prywatno\u015bci"},"content":{"rendered":"\t\t<div data-elementor-type=\"wp-page\" data-elementor-id=\"5050\" class=\"elementor elementor-5050\" data-elementor-settings=\"{&quot;ha_cmc_init_switcher&quot;:&quot;no&quot;}\" data-elementor-post-type=\"page\">\n\t\t\t\t<div class=\"elementor-element elementor-element-b3fe42c e-con-full u-px--page  u-pt-3-7 e-flex e-con e-parent\" data-id=\"b3fe42c\" data-element_type=\"container\" data-e-type=\"container\" data-settings=\"{&quot;_ha_eqh_enable&quot;:false}\">\n\t\t<div class=\"elementor-element elementor-element-93a9fa3 e-con-full e-flex e-con e-child\" data-id=\"93a9fa3\" data-element_type=\"container\" data-e-type=\"container\" data-settings=\"{&quot;_ha_eqh_enable&quot;:false}\">\n\t\t\t\t<div class=\"elementor-element elementor-element-faeca9b t-kicker u-pb-4-2 u-mb-0-2 u-mt-7-5 fx-split-text-on-scroll elementor-widget elementor-widget-heading\" data-id=\"faeca9b\" data-element_type=\"widget\" data-e-type=\"widget\" data-widget_type=\"heading.default\">\n\t\t\t\t<div class=\"elementor-widget-container\">\n\t\t\t\t\t<h1 class=\"elementor-heading-title elementor-size-default\">polityka prywatno\u015bci<\/h1>\t\t\t\t<\/div>\n\t\t\t\t<\/div>\n\t\t\t\t<\/div>\n\t\t\t\t<\/div>\n\t\t<div class=\"elementor-element elementor-element-fed7490 e-con-full u-px--page e-flex e-con e-parent\" data-id=\"fed7490\" data-element_type=\"container\" data-e-type=\"container\" data-settings=\"{&quot;_ha_eqh_enable&quot;:false}\">\n\t\t\t\t<div class=\"elementor-element elementor-element-f6efe77 elementor-widget elementor-widget-text-editor\" data-id=\"f6efe77\" data-element_type=\"widget\" data-e-type=\"widget\" data-widget_type=\"text-editor.default\">\n\t\t\t\t<div class=\"elementor-widget-container\">\n\t\t\t\t\t\t\t\t\t<p><strong>1. Informacje og\u00f3lne<br \/><\/strong>Niniejsza polityka dotyczy Serwisu www, funkcjonuj\u0105cego pod adresem url: <a href=\"http:\/\/bellostudio.pl\" target=\"_blank\" rel=\"noopener noreferrer nofollow\">bellostudio.pl<\/a><br \/>Operatorem serwisu oraz Administratorem danych osobowych jest: BELLO STUDIO SP. Z O.O. SZPITALNA 1, 35-065 RZESZ\u00d3W, NIP: 813-387-34-87, KRS: 0000949379, REGON: 521048006.<br \/>Adres kontaktowy poczty elektronicznej operatora:<a href=\"mailto:info@bellostudio.pl\"> <span style=\"display:inline;unicode-bidi:bidi-override;direction:rtl;\" class=\"\">lp.oidutsolleb<span style=\"display:none;\">obfsctd-6ea7b8<\/span>&#64;ofni<\/span><\/a><br \/>Operator jest Administratorem Twoich danych osobowych w odniesieniu do danych podanych dobrowolnie w Serwisie.<br \/>Serwis wykorzystuje dane osobowe w nast\u0119puj\u0105cych celach:<br \/>Obs\u0142uga zapyta\u0144 przez formularz<br \/>Prezentacja oferty lub informacji<br \/>Serwis realizuje funkcje pozyskiwania informacji o u\u017cytkownikach i ich zachowaniu w nast\u0119puj\u0105cy spos\u00f3b:<br \/>Poprzez dobrowolnie wprowadzone w formularzach dane, kt\u00f3re zostaj\u0105 wprowadzone do system\u00f3w Operatora.<br \/>Poprzez zapisywanie w urz\u0105dzeniach ko\u0144cowych plik\u00f3w cookie (tzw. \u201eciasteczka\u201d).<\/p><p><strong>2. Wybrane metody ochrony danych stosowane przez Operatora<br \/><\/strong>Miejsca logowania i wprowadzania danych osobowych s\u0105 chronione w warstwie transmisji (certyfikat SSL). Dzi\u0119ki temu dane osobowe i dane logowania, wprowadzone na stronie, zostaj\u0105 zaszyfrowane w komputerze u\u017cytkownika i mog\u0105 by\u0107 odczytane jedynie na docelowym serwerze.<br \/>Dane osobowe przechowywane w bazie danych s\u0105 zaszyfrowane w taki spos\u00f3b, \u017ce jedynie posiadaj\u0105cy Operator klucz mo\u017ce je odczyta\u0107. Dzi\u0119ki temu dane s\u0105 chronione na wypadek wykradzenia bazy danych z serwera.<br \/>Has\u0142a u\u017cytkownik\u00f3w s\u0105 przechowywane w postaci hashowanej. Funkcja hashuj\u0105ca dzia\u0142a jednokierunkowo \u2013 nie jest mo\u017cliwe odwr\u00f3cenie jej dzia\u0142ania, co stanowi obecnie wsp\u00f3\u0142czesny standard w zakresie przechowywania hase\u0142 u\u017cytkownik\u00f3w.<br \/>Operator okresowo zmienia swoje has\u0142a administracyjne.<br \/>W celu ochrony danych Operator regularnie wykonuje kopie bezpiecze\u0144stwa.<br \/>Istotnym elementem ochrony danych jest regularna aktualizacja wszelkiego oprogramowania, wykorzystywanego przez Operatora do przetwarzania danych osobowych, co w szczeg\u00f3lno\u015bci oznacza regularne aktualizacje komponent\u00f3w programistycznych.<\/p><p><strong>3. Hosting<br \/><\/strong>Serwis jest hostowany (technicznie utrzymywany) na serwerach operatora:\u00a0<br \/>blickwerker Johannastr.40 13581 Berlin<\/p><p><strong>4. Twoje prawa i dodatkowe informacje o sposobie wykorzystania danych<br \/><\/strong>W niekt\u00f3rych sytuacjach Administrator ma prawo przekazywa\u0107 Twoje dane osobowe innym odbiorcom, je\u015bli b\u0119dzie to niezb\u0119dne do wykonania zawartej z Tob\u0105 umowy lub do zrealizowania obowi\u0105zk\u00f3w ci\u0105\u017c\u0105cych na Administratorze. Dotyczy to takich grup odbiorc\u00f3w:<br \/>upowa\u017cnieni pracownicy i wsp\u00f3\u0142pracownicy, kt\u00f3rzy korzystaj\u0105 z danych w celu realizacji celu dzia\u0142ania strony<br \/>firmy, \u015bwiadcz\u0105ce us\u0142ugi marketingu na rzecz Administratora<br \/>Twoje dane osobowe przetwarzane przez Administratora nie d\u0142u\u017cej, ni\u017c jest to konieczne do wykonania zwi\u0105zanych z nimi czynno\u015bci okre\u015blonych osobnymi przepisami (np. o prowadzeniu rachunkowo\u015bci). W odniesieniu do danych marketingowych dane nie b\u0119d\u0105 przetwarzane d\u0142u\u017cej ni\u017c przez 3 lata.<\/p><p>Przys\u0142uguje Ci prawo \u017c\u0105dania od Administratora dost\u0119pu do danych osobowych Ciebie dotycz\u0105cych, ich sprostowania, usuni\u0119cia, ograniczenia przetwarzania, oraz przenoszenia danych.<\/p><p>Przys\u0142uguje Ci prawo do z\u0142o\u017cenia sprzeciwu w zakresie przetwarzania wskazanego w pkt 3.3 c) wobec przetwarzania danych osobowych w celu wykonania prawnie uzasadnionych interes\u00f3w realizowanych przez Administratora, w tym profilowania, przy czym prawo sprzeciwu nie b\u0119dzie mog\u0142o by\u0107 wykonane w przypadku istnienia wa\u017cnych prawnie uzasadnionych podstaw do przetwarzania, nadrz\u0119dnych wobec Ciebie interes\u00f3w, praw i wolno\u015bci, w szczeg\u00f3lno\u015bci ustalenia, dochodzenia lub obrony roszcze\u0144.<\/p><p>Na dzia\u0142ania Administratora przys\u0142uguje skarga do Prezesa Urz\u0119du Ochrony Danych Osobowych, ul. Stawki 2, 00-193 Warszawa.<br \/>Podanie danych osobowych jest dobrowolne, lecz niezb\u0119dne do obs\u0142ugi Serwisu.<br \/>W stosunku do Ciebie mog\u0105 by\u0107 podejmowane czynno\u015bci polegaj\u0105ce na zautomatyzowanym podejmowaniu decyzji, w tym profilowaniu w celu \u015bwiadczenia us\u0142ug w ramach zawartej umowy oraz w celu prowadzenia przez Administratora marketingu bezpo\u015bredniego.<br \/>Dane osobowe nie s\u0105 przekazywane od kraj\u00f3w trzecich w rozumieniu przepis\u00f3w o ochronie danych osobowych. Oznacza to, \u017ce nie przesy\u0142amy ich poza teren Unii Europejskiej.<\/p><p><strong>5. Logi Administratora<br \/><\/strong>Informacje zachowaniu u\u017cytkownik\u00f3w w serwisie mog\u0105 podlega\u0107 logowaniu. Dane te s\u0105 wykorzystywane w celu administrowania serwisem.<\/p><p><strong>8. Informacja o plikach cookies<br \/><\/strong>Serwis korzysta z plik\u00f3w cookies.<br \/>Pliki cookies (tzw. \u201eciasteczka\u201d) stanowi\u0105 dane informatyczne, w szczeg\u00f3lno\u015bci pliki tekstowe, kt\u00f3re przechowywane s\u0105 w urz\u0105dzeniu ko\u0144cowym U\u017cytkownika Serwisu i przeznaczone s\u0105 do korzystania ze stron internetowych Serwisu. Cookies zazwyczaj zawieraj\u0105 nazw\u0119 strony internetowej, z kt\u00f3rej pochodz\u0105, czas przechowywania ich na urz\u0105dzeniu ko\u0144cowym oraz unikalny numer.<br \/>Podmiotem zamieszczaj\u0105cym na urz\u0105dzeniu ko\u0144cowym U\u017cytkownika Serwisu pliki cookies oraz uzyskuj\u0105cym do nich dost\u0119p jest operator Serwisu.<\/p><p><strong>Pliki cookies wykorzystywane s\u0105 w nast\u0119puj\u0105cych celach:<br \/><\/strong><br \/>utrzymanie sesji u\u017cytkownika Serwisu (po zalogowaniu), dzi\u0119ki kt\u00f3rej u\u017cytkownik nie musi na ka\u017cdej podstronie Serwisu ponownie wpisywa\u0107 loginu i has\u0142a;<\/p><p>realizacji cel\u00f3w okre\u015blonych powy\u017cej w cz\u0119\u015bci \u201eIstotne techniki marketingowe\u201d;<br \/>W ramach Serwisu stosowane s\u0105 dwa zasadnicze rodzaje plik\u00f3w cookies: \u201esesyjne\u201d (session cookies) oraz \u201esta\u0142e\u201d (persistent cookies). Cookies \u201esesyjne\u201d s\u0105 plikami tymczasowymi, kt\u00f3re przechowywane s\u0105 w urz\u0105dzeniu ko\u0144cowym U\u017cytkownika do czasu wylogowania, opuszczenia strony internetowej lub wy\u0142\u0105czenia oprogramowania (przegl\u0105darki internetowej). \u201eSta\u0142e\u201d pliki cookies przechowywane s\u0105 w urz\u0105dzeniu ko\u0144cowym U\u017cytkownika przez czas okre\u015blony w parametrach plik\u00f3w cookies lub do czasu ich usuni\u0119cia przez U\u017cytkownika.<\/p><p>Oprogramowanie do przegl\u0105dania stron internetowych (przegl\u0105darka internetowa) zazwyczaj domy\u015blnie dopuszcza przechowywanie plik\u00f3w cookies w urz\u0105dzeniu ko\u0144cowym U\u017cytkownika. U\u017cytkownicy Serwisu mog\u0105 dokona\u0107 zmiany ustawie\u0144 w tym zakresie. Przegl\u0105darka internetowa umo\u017cliwia usuni\u0119cie plik\u00f3w cookies. Mo\u017cliwe jest tak\u017ce automatyczne blokowanie plik\u00f3w cookies Szczeg\u00f3\u0142owe informacje na ten temat zawiera pomoc lub dokumentacja przegl\u0105darki internetowej.<br \/>Ograniczenia stosowania plik\u00f3w cookies mog\u0105 wp\u0142yn\u0105\u0107 na niekt\u00f3re funkcjonalno\u015bci dost\u0119pne na stronach internetowych Serwisu.<\/p><p>Pliki cookies zamieszczane w urz\u0105dzeniu ko\u0144cowym U\u017cytkownika Serwisu wykorzystywane mog\u0105 by\u0107 r\u00f3wnie\u017c przez wsp\u00f3\u0142pracuj\u0105ce z operatorem Serwisu podmioty, w szczeg\u00f3lno\u015bci dotyczy to firm: Google (Google Inc. z siedzib\u0105 w USA), Facebook (Facebook Inc. z siedzib\u0105 w USA), Twitter (Twitter Inc. z siedzib\u0105 w USA).<\/p><p><strong>9. Zarz\u0105dzanie plikami cookies \u2013 jak w praktyce wyra\u017ca\u0107 i cofa\u0107 zgod\u0119?<\/strong>Je\u015bli u\u017cytkownik nie chce otrzymywa\u0107 plik\u00f3w cookies, mo\u017ce zmieni\u0107 ustawienia przegl\u0105darki. Zastrzegamy, \u017ce wy\u0142\u0105czenie obs\u0142ugi plik\u00f3w cookies niezb\u0119dnych dla proces\u00f3w uwierzytelniania, bezpiecze\u0144stwa, utrzymania preferencji u\u017cytkownika mo\u017ce utrudni\u0107, a w skrajnych przypadkach mo\u017ce uniemo\u017cliwi\u0107 korzystanie ze stron www.<\/p><p>W celu zarz\u0105dzania ustawienia cookies wybierz z listy poni\u017cej przegl\u0105dark\u0119 internetow\u0105, kt\u00f3rej u\u017cywasz i post\u0119puj zgodnie z instrukcjami:<\/p><p><strong><a href=\"https:\/\/support.microsoft.com\/pl-pl\/microsoft-edge\/wy%C5%9Bwietlanie-i-usuwanie-historii-przegl%C4%85darki-w-programie-microsoft-edge-00cf7943-a9e1-975a-a33d-ac10ce454ca4\" target=\"_blank\" rel=\"noopener noreferrer nofollow\">Edge<\/a><\/strong><br \/><strong><a href=\"https:\/\/support.microsoft.com\/pl-pl\/topic\/jak-usun%C4%85%C4%87-pliki-cookie-w-programie-internet-explorer-bca9446f-d873-78de-77ba-d42645fa52fc\" target=\"_blank\" rel=\"noopener noreferrer nofollow\">Internet Explorer<\/a><\/strong><br \/><strong><a href=\"https:\/\/support.google.com\/chrome\/answer\/95647?hl=pl\" target=\"_blank\" rel=\"noopener noreferrer nofollow\">Chrome<\/a><\/strong><br \/><strong><a href=\"https:\/\/support.apple.com\/de-de\/guide\/safari\/sfri11471\/mac\" target=\"_blank\" rel=\"noopener noreferrer nofollow\">Safari<\/a><\/strong><br \/><strong><a href=\"https:\/\/support.mozilla.org\/pl\/kb\/wzmocniona-ochrona-przed-sledzeniem-firefox-desktop?redirectslug=W%C5%82%C4%85czanie+i+wy%C5%82%C4%85czanie+obs%C5%82ugi+ciasteczek&amp;redirectlocale=pl\" target=\"_blank\" rel=\"noopener noreferrer nofollow\">Firefox<\/a><\/strong><br \/><strong><a href=\"https:\/\/help.opera.com\/de\/latest\/web-preferences\/#cookies\" target=\"_blank\" rel=\"noopener noreferrer nofollow\">Opera<\/a><\/strong><\/p><p>Urz\u0105dzenia mobilne:<\/p><p><strong><a href=\"https:\/\/support.google.com\/chrome\/answer\/95647?hl=pl\" target=\"_blank\" rel=\"noopener noreferrer nofollow\">Android<\/a><\/strong><br \/><strong><a href=\"https:\/\/support.apple.com\/pl-pl\/HT201265\" target=\"_blank\" rel=\"noopener noreferrer nofollow\">Safari (iOS)<\/a><\/strong><br \/><strong><a href=\"https:\/\/support.microsoft.com\/de-de\/windows\/windows-phone-7-3ebc303c-59c0-d367-3995-f258b184fabb\" target=\"_blank\" rel=\"noopener noreferrer nofollow\">Windows Phone<\/a><\/strong><\/p><p>Niniejszy wz\u00f3r polityki zosta\u0142 wygenerowany bezp\u0142atnie, w celach informacyjnych, w oparciu o nasz\u0105 wiedz\u0119, bran\u017cowe praktyki i przepisy prawa obowi\u0105zuj\u0105ce na dzie\u0144 2018-08-14. Zalecamy sprawdzenie wzoru polityki przed u\u017cyciem jej na stronie. Wz\u00f3r opiera si\u0119 na najcz\u0119\u015bciej wyst\u0119puj\u0105cych na stronach internetowych sytuacjach, ale mo\u017ce nie odzwierciedla\u0107 pe\u0142nej i dok\u0142adnej specyfiki Twojej strony www. Przeczytaj uwa\u017cnie wygenerowany dokument i w razie potrzeb dostosuj go do Twojej sytuacji lub zasi\u0119gnij porady prawnej. Nie bierzemy odpowiedzialno\u015bci za skutki pos\u0142ugiwania si\u0119 tym dokumentem, poniewa\u017c tylko Ty masz wp\u0142w na to, czy wszystkie informacje w nim zawarte s\u0105 zgodne z prawd\u0105. Zwr\u00f3\u0107 tak\u017ce uwag\u0119, \u017ce Polityka Prywatno\u015bci, nawet najlepsza, jest tylko jednym z element\u00f3w Twojej troski o dane osobowe i prywatno\u015b\u0107 u\u017cytkownika na stronie www.<\/p>\t\t\t\t\t\t\t\t<\/div>\n\t\t\t\t<\/div>\n\t\t\t\t<\/div>\n\t\t\t\t<\/div>\n\t\t","protected":false},"excerpt":{"rendered":"<p>polityka prywatno\u015bci 1. Informacje og\u00f3lneNiniejsza polityka dotyczy Serwisu www, funkcjonuj\u0105cego pod adresem url: bellostudio.plOperatorem serwisu oraz Administratorem danych osobowych jest: BELLO STUDIO SP. Z O.O. SZPITALNA 1, 35-065 RZESZ\u00d3W, NIP: 813-387-34-87, KRS: 0000949379, REGON: 521048006.Adres kontaktowy poczty elektronicznej operatora: lp.oidutsollebobfsctd-736fe9&#64;ofniOperator jest Administratorem Twoich danych osobowych w odniesieniu do danych podanych dobrowolnie w Serwisie.Serwis wykorzystuje dane [&hellip;]<\/p>\n","protected":false},"author":1,"featured_media":0,"parent":0,"menu_order":2,"comment_status":"closed","ping_status":"closed","template":"","meta":{"footnotes":""},"class_list":["post-5050","page","type-page","status-publish","hentry"],"_links":{"self":[{"href":"https:\/\/bellostudio.pl\/pl\/wp-json\/wp\/v2\/pages\/5050","targetHints":{"allow":["GET"]}}],"collection":[{"href":"https:\/\/bellostudio.pl\/pl\/wp-json\/wp\/v2\/pages"}],"about":[{"href":"https:\/\/bellostudio.pl\/pl\/wp-json\/wp\/v2\/types\/page"}],"author":[{"embeddable":true,"href":"https:\/\/bellostudio.pl\/pl\/wp-json\/wp\/v2\/users\/1"}],"replies":[{"embeddable":true,"href":"https:\/\/bellostudio.pl\/pl\/wp-json\/wp\/v2\/comments?post=5050"}],"version-history":[{"count":5,"href":"https:\/\/bellostudio.pl\/pl\/wp-json\/wp\/v2\/pages\/5050\/revisions"}],"predecessor-version":[{"id":7608,"href":"https:\/\/bellostudio.pl\/pl\/wp-json\/wp\/v2\/pages\/5050\/revisions\/7608"}],"wp:attachment":[{"href":"https:\/\/bellostudio.pl\/pl\/wp-json\/wp\/v2\/media?parent=5050"}],"curies":[{"name":"wp","href":"https:\/\/api.w.org\/{rel}","templated":true}]}}