{"id":5237,"date":"2023-01-05T19:42:33","date_gmt":"2023-01-05T18:42:33","guid":{"rendered":"https:\/\/bellostudio.pl\/?page_id=5237"},"modified":"2023-02-28T19:48:12","modified_gmt":"2023-02-28T18:48:12","slug":"webdesign","status":"publish","type":"page","link":"https:\/\/bellostudio.pl\/pl\/webdesign\/","title":{"rendered":"webdesign"},"content":{"rendered":"\t\t<div data-elementor-type=\"wp-page\" data-elementor-id=\"5237\" class=\"elementor elementor-5237\" data-elementor-settings=\"{&quot;ha_cmc_init_switcher&quot;:&quot;no&quot;}\" data-elementor-post-type=\"page\">\n\t\t\t\t<div class=\"elementor-element elementor-element-6dcb1be e-con-full u-px--page u-pb-3-3 u-pt-3-7 e-flex e-con e-parent\" data-id=\"6dcb1be\" data-element_type=\"container\" data-e-type=\"container\" data-settings=\"{&quot;_ha_eqh_enable&quot;:false}\">\n\t\t<div class=\"elementor-element elementor-element-419d6a9 e-con-full e-flex e-con e-child\" data-id=\"419d6a9\" data-element_type=\"container\" data-e-type=\"container\" data-settings=\"{&quot;_ha_eqh_enable&quot;:false}\">\n\t\t\t\t<div class=\"elementor-element elementor-element-f7a0acb t-kicker u-pb-4-2 u-mb-0-2 u-mt-7-5 fx-split-text-on-scroll elementor-widget elementor-widget-heading\" data-id=\"f7a0acb\" data-element_type=\"widget\" data-e-type=\"widget\" data-widget_type=\"heading.default\">\n\t\t\t\t<div class=\"elementor-widget-container\">\n\t\t\t\t\t<h1 class=\"elementor-heading-title elementor-size-default\">webdesign<\/h1>\t\t\t\t<\/div>\n\t\t\t\t<\/div>\n\t\t\t\t<\/div>\n\t\t\t\t<\/div>\n\t\t<div class=\"elementor-element elementor-element-fed7490 e-con-full u-px--page e-flex e-con e-parent\" data-id=\"fed7490\" data-element_type=\"container\" data-e-type=\"container\" data-settings=\"{&quot;_ha_eqh_enable&quot;:false}\">\n\t\t\t\t<div class=\"elementor-element elementor-element-f6efe77 elementor-widget elementor-widget-text-editor\" data-id=\"f6efe77\" data-element_type=\"widget\" data-e-type=\"widget\" data-widget_type=\"text-editor.default\">\n\t\t\t\t<div class=\"elementor-widget-container\">\n\t\t\t\t\t\t\t\t\t<p><strong>Ta strona zosta\u0142a stworzona przez blickwerker<\/strong><\/p><p>Ta strona zosta\u0142a stworzona z wielk\u0105 dba\u0142o\u015bci\u0105 o szczeg\u00f3\u0142y i wieloma technicznymi udoskonaleniami przez studio blickwerker. Blickwerker programuje i utrzymuje nowoczesne i technicznie zaawansowane firmowe strony internetowe, portfolia, blogi, one-pagery i inne rozwi\u0105zania internetowe.<\/p><p>Na pytania dotycz\u0105ce oferty odpowie sam operator strony.\u00a0 Adres naszej strony internetowej to <a href=\"https:\/\/blickwerker.de\/\" target=\"_blank\" rel=\"noopener noreferrer nofollow\"><strong>blickwerker.de<\/strong><\/a>, a tutaj jest nasz <strong><a href=\"https:\/\/www.instagram.com\/_blickwerker\" target=\"_blank\" rel=\"noopener noreferrer nofollow\">instagram<\/a><\/strong>.<\/p>\t\t\t\t\t\t\t\t<\/div>\n\t\t\t\t<\/div>\n\t\t\t\t<\/div>\n\t\t\t\t<\/div>\n\t\t","protected":false},"excerpt":{"rendered":"<p>webdesign Ta strona zosta\u0142a stworzona przez blickwerker Ta strona zosta\u0142a stworzona z wielk\u0105 dba\u0142o\u015bci\u0105 o szczeg\u00f3\u0142y i wieloma technicznymi udoskonaleniami przez studio blickwerker. Blickwerker programuje i utrzymuje nowoczesne i technicznie zaawansowane firmowe strony internetowe, portfolia, blogi, one-pagery i inne rozwi\u0105zania internetowe. Na pytania dotycz\u0105ce oferty odpowie sam operator strony.\u00a0 Adres naszej strony internetowej to blickwerker.de, [&hellip;]<\/p>\n","protected":false},"author":1,"featured_media":0,"parent":0,"menu_order":3,"comment_status":"closed","ping_status":"closed","template":"","meta":{"footnotes":""},"class_list":["post-5237","page","type-page","status-publish","hentry"],"_links":{"self":[{"href":"https:\/\/bellostudio.pl\/pl\/wp-json\/wp\/v2\/pages\/5237","targetHints":{"allow":["GET"]}}],"collection":[{"href":"https:\/\/bellostudio.pl\/pl\/wp-json\/wp\/v2\/pages"}],"about":[{"href":"https:\/\/bellostudio.pl\/pl\/wp-json\/wp\/v2\/types\/page"}],"author":[{"embeddable":true,"href":"https:\/\/bellostudio.pl\/pl\/wp-json\/wp\/v2\/users\/1"}],"replies":[{"embeddable":true,"href":"https:\/\/bellostudio.pl\/pl\/wp-json\/wp\/v2\/comments?post=5237"}],"version-history":[{"count":5,"href":"https:\/\/bellostudio.pl\/pl\/wp-json\/wp\/v2\/pages\/5237\/revisions"}],"predecessor-version":[{"id":8027,"href":"https:\/\/bellostudio.pl\/pl\/wp-json\/wp\/v2\/pages\/5237\/revisions\/8027"}],"wp:attachment":[{"href":"https:\/\/bellostudio.pl\/pl\/wp-json\/wp\/v2\/media?parent=5237"}],"curies":[{"name":"wp","href":"https:\/\/api.w.org\/{rel}","templated":true}]}}